{"id":5128,"date":"2022-07-27T06:57:37","date_gmt":"2022-07-27T04:57:37","guid":{"rendered":"https:\/\/ulbios.com\/?page_id=5128"},"modified":"2025-10-20T08:04:55","modified_gmt":"2025-10-20T06:04:55","slug":"politica-de-privacitat","status":"publish","type":"page","link":"https:\/\/ulbios.com\/ca\/politica-de-privacitat\/","title":{"rendered":"Pol\u00edtica de Privacitat"},"content":{"rendered":"<div class=\"vc_row wpb_row section vc_row-fluid vc_custom_1531900918973\">\n<div class=\" full_section_inner clearfix\">\n<div class=\"wpb_column vc_column_container vc_col-sm-12\">\n<div class=\"vc_column-inner \">\n<div class=\"wpb_wrapper\">\n<div class=\"wpb_text_column wpb_content_element \">\n<div class=\"wpb_wrapper\">\n<h1>Pol\u00edtica de Privacitat<\/h1>\n<p>La confidencialitat i la seguretat s\u00f3n valors primordials d\u2019 ULBIOS TECHSENS i, en conseq\u00fc\u00e8ncia, assumim el comprom\u00eds de garantir la privacitat de l&#8217;Usuari en tot moment i de no recaptar informaci\u00f3 innecess\u00e0ria. A continuaci\u00f3, li proporcionem tota la informaci\u00f3 necess\u00e0ria sobre la nostra Pol\u00edtica de Privacitat en relaci\u00f3 amb les dades personals que recaptem, explicant-li:<\/p>\n<ul>\n<li>Qui \u00e9s el responsable del tractament de les seves dades.<\/li>\n<li>Per a quines finalitats recaptem les dades que li sol\u00b7licitem.<\/li>\n<li>Quina \u00e9s la legitimaci\u00f3 per al seu tractament.<\/li>\n<li>Durant quant temps els conservem.<\/li>\n<li>A quins destinataris es comuniquen les seves dades.<\/li>\n<li>Quins s\u00f3n els seus drets.<\/li>\n<\/ul>\n<p>&nbsp;<\/p>\n<ol>\n<li>\n<h3><strong>Responsable<\/strong>:<\/h3>\n<\/li>\n<\/ol>\n<\/div>\n<p>ULBIOS TECHSENS SL (B05475033)<\/p>\n<div class=\"wpb_wrapper\">\n<p>C\/ de la M\u00e0quina, 8 B, Pol. Ind. El Reg\u00e0s<br \/>\n08850 Gav\u00e0 (Barcelona)<br \/>\n<a href=\"mailto:info@ulbios.com\">info@ulbios.com<\/a><\/p>\n<ol start=\"2\">\n<li>\n<h3><strong>F<\/strong><strong>inalitats, legitimaci\u00f3 i conservaci\u00f3 dels tractaments de les dades enviades a trav\u00e9s de:<\/strong><\/h3>\n<\/li>\n<\/ol>\n<ul>\n<li><strong>FORMULARI DE CONTACTE.<\/strong><\/li>\n<\/ul>\n<p><strong>Finalitat:<\/strong> Facilitar-li un mitj\u00e0 perqu\u00e8 pugui posar-se en contacte amb nosaltres i contestar a les seves sol\u00b7licituds d&#8217;informaci\u00f3, aix\u00ed com enviar-li comunicacions dels nostres productes, serveis i activitats, inclusivament per mitjans electr\u00f2nics, si marca la casella d&#8217;acceptaci\u00f3.<\/p>\n<p><strong>Legitimaci\u00f3:<\/strong> El consentiment de l&#8217;usuari en sol\u00b7licitar-nos informaci\u00f3 a trav\u00e9s del nostre formulari de contactes i en marcar la casella d&#8217;acceptaci\u00f3 d&#8217;enviament d&#8217;informaci\u00f3.<\/p>\n<p><strong>Conservaci\u00f3:<\/strong> Fins a una vegada resulta la seva sol\u00b7licitud per mitj\u00e0 del nostre formulari o contestada per correu electr\u00f2nic, si no ha generat un nou tractament. En cas d&#8217;haver acceptat rebre enviaments comercials, fins que sol\u00b7liciti la baixa d&#8217;aquests.<\/p>\n<ul>\n<li><strong>ENVIAMENT DE CORREUS ELECTR\u00d2NICS<\/strong><\/li>\n<\/ul>\n<p><strong>Finalitat:<\/strong> Contestar a les seves sol\u00b7licituds d&#8217;informaci\u00f3, atendre les seves peticions i respondre les seves consultes o dubtes.<\/p>\n<p><strong>Legitimaci\u00f3:<\/strong> El consentiment de l&#8217;usuari en sol\u00b7licitar-nos informaci\u00f3 a trav\u00e9s de l&#8217;adre\u00e7a de correu electr\u00f2nic.<\/p>\n<p><strong>Conservaci\u00f3:<\/strong> Una vegada resulta contestada la seva petici\u00f3 per correu electr\u00f2nic, si no ha generat un nou tractament.<\/p>\n<ul>\n<li><strong>ENVIAMENT DEL CURR\u00cdCULUM VITAE PER CORREU ELECTR\u00d2NIC.<\/strong><\/li>\n<\/ul>\n<p><strong>Finalitat:<\/strong> Disposar del seu curr\u00edculum per a participar en els nostres processos de selecci\u00f3 de personal.<\/p>\n<p><strong>Legitimaci\u00f3:<\/strong> El consentiment de l&#8217;usuari en remetre&#8217;ns la seva informaci\u00f3 personal i curr\u00edculum per als nostres processos de selecci\u00f3 de personal.<\/p>\n<p><strong>Conservaci\u00f3:<\/strong> Durant el desenvolupament dels processos de selecci\u00f3 de personal oberts i durant 1 any per a futurs processos.<\/p>\n<ul>\n<li><strong>SUBSCRIPCI\u00d3 A NOSTRA NEWSLETTER<\/strong><\/li>\n<\/ul>\n<p><strong>Finalitat:<\/strong> Enviament del nostre butllet\u00ed comercial i de comunicacions informatives i publicit\u00e0ries sobre els nostres productes o serveis que siguin del seu inter\u00e8s, fins i tot per mitjans electr\u00f2nics.<\/p>\n<p><strong>Legitimaci\u00f3:<\/strong> El consentiment de l&#8217;usuari en subscriure&#8217;s als nostres enviaments comercials i\/o newsletters.<\/p>\n<p><strong>Conservaci\u00f3:<\/strong> Fins que l&#8217;interessat arrebossat el consentiment i sol\u00b7liciti la baixa del servei.<\/p>\n<p><strong>O<\/strong><strong>bligaci\u00f3 de facilitar-nos les seves dades personals i conseq\u00fc\u00e8ncies de no fer-ho.<\/strong><\/p>\n<p>El subministrament de dades personals requereix una edat m\u00ednima de 14 anys, o si \u00e9s el cas, disposar de capacitat jur\u00eddica suficient per a contractar.<\/p>\n<p>Les dades personals sol\u00b7licitades s\u00f3n necessaris per a gestionar les seves sol\u00b7licituds i\/o prestar-li els serveis que pugui contractar, per la qual cosa, si no ens els facilita, no podrem atendre-li correctament ni prestar-li el servei que ha sol\u00b7licitat.<\/p>\n<ol start=\"3\">\n<li>\n<h3><strong>Destinataris de les seves dades<\/strong><\/h3>\n<\/li>\n<\/ol>\n<p>Les seves dades s\u00f3n confidencials i no se cediran a tercers, tret que existeixi obligaci\u00f3 legal.<\/p>\n<ol start=\"4\">\n<li>\n<h3><strong>D<\/strong><strong>rets en relaci\u00f3 amb les seves dades personals<\/strong><\/h3>\n<\/li>\n<\/ol>\n<p>Qualsevol persona pot retirar el seu consentiment en qualsevol moment, quan el mateix s&#8217;hagi atorgat per al tractament de les seves dades. En cap cas, la retirada d&#8217;aquest consentiment condiciona l&#8217;execuci\u00f3 del contracte de subscripci\u00f3 o les relacions generades amb anterioritat.<\/p>\n<p>Igualment, pot exercir els seg\u00fcents drets:<\/p>\n<ul>\n<li>Sol\u00b7licitar l&#8217;acc\u00e9s a les seves dades personals o la seva rectificaci\u00f3 quan siguin inexactes.<\/li>\n<li>Sol\u00b7licitar la seva supressi\u00f3 quan, entre altres motius, les dades ja no siguin necessaris per als fins per als quals van ser recollits.<\/li>\n<li>Sol\u00b7licitar la limitaci\u00f3 del seu tractament en determinades circumst\u00e0ncies.<\/li>\n<li>Sol\u00b7licitar l&#8217;oposici\u00f3 al tractament de les seves dades per motius relacionats amb la seva situaci\u00f3 particular.<\/li>\n<li>Sol\u00b7licitar la portabilitat de les dades en els casos previstos en la normativa.<\/li>\n<li>Altres drets reconeguts en les normatives aplicables.<\/li>\n<\/ul>\n<p>On i com sol\u00b7licitar els seus Drets: Mitjan\u00e7ant un escrit dirigit al responsable a la seva adre\u00e7a postal o electr\u00f2nica (indicades en l&#8217;apartat A), indicant la referencia \u201cDades Personals\u201d, especificant el dret que es vol exercir i respecte a quines dades personals.<\/p>\n<p>En cas de diverg\u00e8ncies amb l&#8217;empresa en relaci\u00f3 amb el tractament de les seves dades, pot presentar una reclamaci\u00f3 davant l&#8217;Autoritat de Protecci\u00f3 de Dades (<a href=\"http:\/\/www.agpd.es\/\">www.agpd.es<\/a>).<\/p>\n<ol start=\"5\">\n<li>\n<h3><strong>Cookies<\/strong><\/h3>\n<\/li>\n<\/ol>\n<p>Aquesta p\u00e0gina web, \u00fanicament utilitza cookies t\u00e8cniques, de personalitzaci\u00f3 i an\u00e0lisi, pr\u00f2pies i de tercers (Google Analytics), que en cap cas tracten dades de car\u00e0cter personal ni capten h\u00e0bits de navegaci\u00f3 per a fins publicitaris.<\/p>\n<p>Per aix\u00f2, en accedir a la nostra web, en compliment de l&#8217;article 22 de la Llei de Serveis de la Societat de la Informaci\u00f3, en tractar cookies d&#8217;an\u00e0lisis, li hem sol\u00b7licitat el seu consentiment per al seu \u00fas i facilitat informaci\u00f3 d&#8217;aquestes, que en tot cas s&#8217;instal\u00b7laran passat un termini de temps prudencial perqu\u00e8 l&#8217;usuari tingui temps de decidir prestar el seu consentiment o no.<\/p>\n<ol start=\"6\">\n<li>\n<h3><strong>S<\/strong><strong>eguretat de les seves dades personals<\/strong><\/h3>\n<\/li>\n<\/ol>\n<p>Amb l&#8217;objectiu de salvaguardar la seguretat de les seves dades personals, l&#8217;informem que hem adoptat totes les mesures d&#8217;\u00edndole t\u00e8cnica i organitzativa necess\u00e0ries per a garantir la seguretat de les dades personals subministrades de la seva alteraci\u00f3, p\u00e8rdua, i tractaments o accessos no autoritzats.<\/p>\n<ol start=\"7\">\n<li>\n<h3><strong>A<\/strong><strong>ctualitzaci\u00f3 de les seves dades<\/strong><\/h3>\n<\/li>\n<\/ol>\n<p>\u00c9s important que perqu\u00e8 puguem mantenir les seves dades personals actualitzades, ens informi sempre que hi hagi hagut alguna modificaci\u00f3 en ells, en cas contrari, no responem de la veracitat d&#8217;aquests.<\/p>\n<p>No ens fem responsables de la pol\u00edtica de privacitat respecte a les dades personals que pugui facilitar a tercers per mitj\u00e0 dels enlla\u00e7os disponibles en la nostra p\u00e0gina web.<\/p>\n<p>La present Pol\u00edtica de Privacitat pot ser modificada per a adaptar-les als canvis que es produeixi en la nostra web, aix\u00ed com modificacions legislatives o jurisprudencials sobre dades personals que vagin apareixent, per la qual cosa exigeix la seva lectura, cada vegada que ens faciliti les seves dades a trav\u00e9s d&#8217;aquesta Web.<\/p>\n<\/div>\n<\/div>\n<\/div>\n<\/div>\n<\/div>\n<\/div>\n<\/div>\n","protected":false},"excerpt":{"rendered":"<p>Pol\u00edtica de Privacitat La confidencialitat i la seguretat s\u00f3n valors  [&#8230;]<\/p>\n","protected":false},"author":2,"featured_media":0,"parent":0,"menu_order":0,"comment_status":"closed","ping_status":"closed","template":"","meta":{"footnotes":""},"class_list":["post-5128","page","type-page","status-publish","hentry"],"yoast_head":"<!-- This site is optimized with the Yoast SEO Premium plugin v27.4 (Yoast SEO v27.4) - https:\/\/yoast.com\/product\/yoast-seo-premium-wordpress\/ -->\n<title>Pol\u00edtica de Privacitat - Ulbios<\/title>\n<meta name=\"robots\" content=\"index, follow, max-snippet:-1, max-image-preview:large, max-video-preview:-1\" \/>\n<link rel=\"canonical\" href=\"https:\/\/ulbios.com\/ca\/politica-de-privacitat\/\" \/>\n<meta property=\"og:locale\" content=\"en_US\" \/>\n<meta property=\"og:type\" content=\"article\" \/>\n<meta property=\"og:title\" content=\"Pol\u00edtica de Privacitat\" \/>\n<meta property=\"og:description\" content=\"Pol\u00edtica de Privacitat La confidencialitat i la seguretat s\u00f3n valors [...]\" \/>\n<meta property=\"og:url\" content=\"https:\/\/ulbios.com\/ca\/politica-de-privacitat\/\" \/>\n<meta property=\"og:site_name\" content=\"Ulbios\" \/>\n<meta property=\"article:modified_time\" content=\"2025-10-20T06:04:55+00:00\" \/>\n<meta name=\"twitter:card\" content=\"summary_large_image\" \/>\n<meta name=\"twitter:label1\" content=\"Est. reading time\" \/>\n\t<meta name=\"twitter:data1\" content=\"5 minutes\" \/>\n<!-- \/ Yoast SEO Premium plugin. -->","yoast_head_json":{"title":"Pol\u00edtica de Privacitat - Ulbios","robots":{"index":"index","follow":"follow","max-snippet":"max-snippet:-1","max-image-preview":"max-image-preview:large","max-video-preview":"max-video-preview:-1"},"canonical":"https:\/\/ulbios.com\/ca\/politica-de-privacitat\/","og_locale":"en_US","og_type":"article","og_title":"Pol\u00edtica de Privacitat","og_description":"Pol\u00edtica de Privacitat La confidencialitat i la seguretat s\u00f3n valors [...]","og_url":"https:\/\/ulbios.com\/ca\/politica-de-privacitat\/","og_site_name":"Ulbios","article_modified_time":"2025-10-20T06:04:55+00:00","twitter_card":"summary_large_image","twitter_misc":{"Est. reading time":"5 minutes"},"schema":{"@context":"https:\/\/schema.org","@graph":[{"@type":"WebPage","@id":"https:\/\/ulbios.com\/ca\/politica-de-privacitat\/","url":"https:\/\/ulbios.com\/ca\/politica-de-privacitat\/","name":"Pol\u00edtica de Privacitat - Ulbios","isPartOf":{"@id":"https:\/\/ulbios.com\/#website"},"datePublished":"2022-07-27T04:57:37+00:00","dateModified":"2025-10-20T06:04:55+00:00","breadcrumb":{"@id":"https:\/\/ulbios.com\/ca\/politica-de-privacitat\/#breadcrumb"},"inLanguage":"cat-CA","potentialAction":[{"@type":"ReadAction","target":["https:\/\/ulbios.com\/ca\/politica-de-privacitat\/"]}]},{"@type":"BreadcrumbList","@id":"https:\/\/ulbios.com\/ca\/politica-de-privacitat\/#breadcrumb","itemListElement":[{"@type":"ListItem","position":1,"name":"Portada","item":"https:\/\/ulbios.com\/ca\/"},{"@type":"ListItem","position":2,"name":"Pol\u00edtica de Privacitat"}]},{"@type":"WebSite","@id":"https:\/\/ulbios.com\/#website","url":"https:\/\/ulbios.com\/","name":"Ulbios","description":"","potentialAction":[{"@type":"SearchAction","target":{"@type":"EntryPoint","urlTemplate":"https:\/\/ulbios.com\/?s={search_term_string}"},"query-input":{"@type":"PropertyValueSpecification","valueRequired":true,"valueName":"search_term_string"}}],"inLanguage":"cat-CA"}]}},"_links":{"self":[{"href":"https:\/\/ulbios.com\/ca\/wp-json\/wp\/v2\/pages\/5128","targetHints":{"allow":["GET"]}}],"collection":[{"href":"https:\/\/ulbios.com\/ca\/wp-json\/wp\/v2\/pages"}],"about":[{"href":"https:\/\/ulbios.com\/ca\/wp-json\/wp\/v2\/types\/page"}],"author":[{"embeddable":true,"href":"https:\/\/ulbios.com\/ca\/wp-json\/wp\/v2\/users\/2"}],"replies":[{"embeddable":true,"href":"https:\/\/ulbios.com\/ca\/wp-json\/wp\/v2\/comments?post=5128"}],"version-history":[{"count":3,"href":"https:\/\/ulbios.com\/ca\/wp-json\/wp\/v2\/pages\/5128\/revisions"}],"predecessor-version":[{"id":5131,"href":"https:\/\/ulbios.com\/ca\/wp-json\/wp\/v2\/pages\/5128\/revisions\/5131"}],"wp:attachment":[{"href":"https:\/\/ulbios.com\/ca\/wp-json\/wp\/v2\/media?parent=5128"}],"curies":[{"name":"wp","href":"https:\/\/api.w.org\/{rel}","templated":true}]}}