{"id":5132,"date":"2022-07-27T06:58:30","date_gmt":"2022-07-27T04:58:30","guid":{"rendered":"https:\/\/ulbios.com\/?page_id=5132"},"modified":"2025-10-20T08:04:14","modified_gmt":"2025-10-20T06:04:14","slug":"politica-de-cookies","status":"publish","type":"page","link":"https:\/\/ulbios.com\/ca\/politica-de-cookies\/","title":{"rendered":"Pol\u00edtica de Cookies"},"content":{"rendered":"<div class=\"fusion-fullwidth fullwidth-box fusion-builder-row-1 fusion-flex-container nonhundred-percent-fullwidth non-hundred-percent-height-scrolling\" style=\"--awb-border-radius-top-left:0px;--awb-border-radius-top-right:0px;--awb-border-radius-bottom-right:0px;--awb-border-radius-bottom-left:0px;--awb-flex-wrap:wrap;\" ><div class=\"fusion-builder-row fusion-row fusion-flex-align-items-flex-start fusion-flex-content-wrap\" style=\"max-width:1248px;margin-left: calc(-4% \/ 2 );margin-right: calc(-4% \/ 2 );\"><div class=\"fusion-layout-column fusion_builder_column fusion-builder-column-0 fusion_builder_column_1_1 1_1 fusion-flex-column\" style=\"--awb-bg-size:cover;--awb-width-large:100%;--awb-margin-top-large:0px;--awb-spacing-right-large:1.92%;--awb-margin-bottom-large:0px;--awb-spacing-left-large:1.92%;--awb-width-medium:100%;--awb-spacing-right-medium:1.92%;--awb-spacing-left-medium:1.92%;--awb-width-small:100%;--awb-spacing-right-small:1.92%;--awb-spacing-left-small:1.92%;\"><div class=\"fusion-column-wrapper fusion-flex-justify-content-flex-start fusion-content-layout-column\"><div class=\"fusion-text fusion-text-1\"><h1>Pol\u00edtica de cookies<\/h1>\n<p>Una <em>cookie<\/em> \u00e9s un petit fitxer de text que s&#8217;emmagatzema en el seu navegador quan visita gaireb\u00e9 qualsevol p\u00e0gina web. La seva utilitat \u00e9s que la web sigui capa\u00e7 de recordar la seva visita quan torni a navegar per aquesta p\u00e0gina. Les <em>cookies<\/em> solen emmagatzemar informaci\u00f3 de car\u00e0cter t\u00e8cnic, prefer\u00e8ncies personals, personalitzaci\u00f3 de continguts, estad\u00edstiques d&#8217;\u00fas, enlla\u00e7os a xarxes socials, acc\u00e9s a comptes d&#8217;usuari, etc. L&#8217;objectiu de la cookie \u00e9s adaptar el contingut de la web al seu perfil i necessitats, sense cookies els serveis oferts per qualsevol p\u00e0gina es veurien minvats notablement. Si desitja consultar m\u00e9s informaci\u00f3 sobre qu\u00e8 s\u00f3n les cookies, qu\u00e8 emmagatzemen, com eliminar-les, desactivar-les, etc., <a href=\"https:\/\/ulbios.com\/mas-informacion-sobre-las-cookies\/\">li preguem que es dirigeixi a aquest enlla\u00e7.<\/a><\/p>\n<p><strong>Qu\u00e8 s\u00f3n les cookies?<\/strong><\/p>\n<p>Les <em>cookies<\/em> s\u00f3n petits arxius de dades que es reben en el terminal des del lloc web visitat i s&#8217;usen per a registrar unes certes interaccions de la navegaci\u00f3 en un lloc web emmagatzemant dades que podran ser actualitzats i recuperats. Aquests arxius s&#8217;emmagatzemen en l&#8217;ordinador de l&#8217;usuari i cont\u00e9 dades an\u00f2nimes que no s\u00f3n perjudicials per al seu equip. S&#8217;utilitzen per a recordar les prefer\u00e8ncies de l&#8217;usuari, com l&#8217;idioma seleccionat, dades d&#8217;acc\u00e9s o personalitzaci\u00f3 de la p\u00e0gina.<\/p>\n<p>Les <em>Cookies<\/em> tamb\u00e9 poden ser utilitzades per a registrar informaci\u00f3 an\u00f2nima sobre com un visitant utilitza un lloc. Per exemple, des de quina p\u00e0gina Web ha accedit, o si ha utilitzat un \u201cb\u00e0ner\u201d publicitari per a arribar.<\/p>\n<p><strong>Quin \u00fas li donem als diferents tipus de cookies?<\/strong><\/p>\n<\/div><div class=\"fusion-text fusion-text-2\"><ul>\n<li><strong>S<\/strong><strong>egons la seva finalitat:<\/strong><\/li>\n<\/ul>\n<\/div>\n<div class=\"table-1\">\n<table width=\"100%\">\n<thead>\n<tr>\n<th align=\"left\"><strong>Cookies t\u00e8cniques <\/strong><\/th>\n<th align=\"left\"><strong>Les cookies t\u00e8cniques s\u00f3n aquelles que faciliten la navegaci\u00f3 de l&#8217;usuari i la utilitzaci\u00f3 de les diferents opcions o serveis que ofereix la web com identificar la sessi\u00f3, permetre l&#8217;acc\u00e9s a determinades \u00e0rees, facilitar comandes, compres, emplenament de formularis, inscripcions, seguretat, facilitar funcionalitats (v\u00eddeos, xarxes socials\u2026).<\/strong><\/th>\n<\/tr>\n<\/thead>\n<tbody>\n<tr>\n<td align=\"left\"><strong>Cookies de personalitzaci\u00f3<\/strong><\/td>\n<td align=\"left\">Les cookies de personalitzaci\u00f3 permeten a l&#8217;usuari accedir als serveis segons les seves prefer\u00e8ncies (idioma, navegador, configuraci\u00f3\u2026).<\/td>\n<\/tr>\n<tr>\n<td align=\"left\"><strong>Cookies anal\u00edtiques <\/strong><\/td>\n<td align=\"left\">Les cookies d&#8217;an\u00e0lisis s\u00f3n les utilitzades per a dur a terme l&#8217;an\u00e0lisi an\u00f2nima del comportament dels usuaris de la web i que permeten mesurar l&#8217;activitat de l&#8217;usuari i elaborar perfils de navegaci\u00f3 amb la fi objectiva de millorar els llocs web.<\/td>\n<\/tr>\n<tr>\n<td align=\"left\"><strong>Cookies publicit\u00e0ries <\/strong><\/td>\n<td align=\"left\">Les cookies publicit\u00e0ries permeten la gesti\u00f3 dels espais publicitaris de la web. A m\u00e9s, aquestes cookies poden ser de publicitat personalitzada i permetre aix\u00ed la gesti\u00f3 dels espais publicitaris de la web sobre la base del comportament i h\u00e0bits de navegaci\u00f3 d&#8217;usuari, d&#8217;on s&#8217;obt\u00e9 el seu perfil i permeten personalitzar la publicitat que es mostra en el navegador de l&#8217;usuari o altres perfils i xarxes socials de l&#8217;usuari.<\/td>\n<\/tr>\n<\/tbody>\n<\/table>\n<\/div>\n<div class=\"fusion-text fusion-text-3\"><ul>\n<li><strong>S<\/strong><strong>egons el seu termini:<\/strong><\/li>\n<\/ul>\n<\/div>\n<div class=\"table-1\">\n<table width=\"100%\">\n<thead>\n<tr>\n<th align=\"left\"><\/th>\n<th align=\"left\"><\/th>\n<\/tr>\n<\/thead>\n<tbody>\n<tr>\n<td align=\"left\"><strong>Cookies de sessi\u00f3<\/strong><\/td>\n<td align=\"left\">Les cookies de sessi\u00f3 s\u00f3n aquelles que duren el temps que l&#8217;usuari est\u00e0 navegant per la p\u00e0gina Web i s&#8217;esborren en tancar el navegador.<\/td>\n<\/tr>\n<tr>\n<td align=\"left\"><strong>Cookies persistents <\/strong><\/td>\n<td align=\"left\">Aquestes cookies queden emmagatzemades en el terminal de l&#8217;usuari fins que s\u00f3n eliminades manualment o hagi concl\u00f2s el per\u00edode de durada establert per a felicitat cookie.<\/td>\n<\/tr>\n<\/tbody>\n<\/table>\n<\/div>\n<div class=\"fusion-text fusion-text-4\"><ul>\n<li><strong>Segons la seva titularitat:<\/strong><\/li>\n<\/ul>\n<\/div>\n<div class=\"table-1\">\n<table width=\"100%\">\n<thead>\n<tr>\n<th align=\"left\"><\/th>\n<th align=\"left\"><\/th>\n<\/tr>\n<\/thead>\n<tbody>\n<tr>\n<td align=\"left\"><strong>Cookies pr\u00f2pies<\/strong><\/td>\n<td align=\"left\">Aquelles que s&#8217;envien a l&#8217;equip terminal de l&#8217;usuari des d&#8217;un equip o domini gestionat pel propi editor i des del qual es presta el servei sol\u00b7licitat per l&#8217;usuari.<\/td>\n<\/tr>\n<tr>\n<td align=\"left\"><strong>Cookies de tercers <\/strong><\/td>\n<td align=\"left\">Aquelles que s&#8217;envien a l&#8217;equip terminal de l&#8217;usuari des d&#8217;un equip o domini que no \u00e9s gestionat per l&#8217;editor, sin\u00f3 per una altra entitat que tracta les dades obtingudes trav\u00e9s de les cookies.<\/td>\n<\/tr>\n<\/tbody>\n<\/table>\n<\/div>\n<div class=\"fusion-text fusion-text-5\"><h2 class=\"fusion-responsive-typography-calculated\" data-fontsize=\"22\" data-lineheight=\"25px\">Cookies utilitzades en aquest lloc web<\/h2>\n<p>Seguint les directrius de l&#8217;Ag\u00e8ncia Espanyola de Protecci\u00f3 de Dades procedim a detallar l&#8217;\u00fas de cookies que fa aquesta web amb la finalitat d&#8217;informar-lo amb la m\u00e0xima exactitud possible.<\/p>\n<p>Aquest lloc web utilitza les seg\u00fcents <strong>cookies pr\u00f2pies:<\/strong><\/p>\n<ul>\n<li>Cookies de sessi\u00f3, per a garantir que els usuaris que escriguin comentaris en el blog siguin humans i no aplicacions automatitzades. D&#8217;aquesta manera es combat l&#8217;<strong>spam.<\/strong><\/li>\n<\/ul>\n<p>Aquest lloc web utilitza les seg\u00fcents <strong>cookies de tercers:<\/strong><\/p>\n<ul>\n<li>Google Analytics: Emmagatzema cookies per a poder elaborar estad\u00edstiques sobre el tr\u00e0nsit i volum de visites d&#8217;aquesta web. En utilitzar aquest lloc web est\u00e0 consentint el tractament d&#8217;informaci\u00f3 sobre vost\u00e8 per Google. Per tant, l&#8217;exercici de qualsevol dret en aquest sentit haur\u00e0 de fer-lo comunicant directament amb Google.<\/li>\n<li>Xarxes socials: Cada xarxa social utilitza les seves pr\u00f2pies cookies perqu\u00e8 vost\u00e8 pugui punxar en botons del tipus M&#8217;agrada o Compartir.<\/li>\n<\/ul>\n<\/div>\n<div class=\"table-1\">\n<table width=\"100%\">\n<thead>\n<tr>\n<th style=\"text-align: center;\" align=\"left\">Nom<\/th>\n<th style=\"text-align: center;\" align=\"left\">Titular<\/th>\n<th style=\"text-align: center;\" align=\"left\">Dades recaptades<\/th>\n<th style=\"text-align: center;\" align=\"left\">Finalitat<\/th>\n<th style=\"text-align: center;\" align=\"left\">Duraci\u00f3<\/th>\n<\/tr>\n<\/thead>\n<tbody>\n<tr>\n<td align=\"left\">_ga<\/td>\n<td align=\"left\">Cookie pr\u00f2pia<\/td>\n<td align=\"left\">Sessions dels visitants. S&#8217;usen per a distingir als usuaris.<\/td>\n<td align=\"left\">Anal\u00edtica.<\/td>\n<td align=\"left\">2 anys.<\/td>\n<\/tr>\n<tr>\n<td align=\"left\">_ga_[ID]<\/td>\n<td align=\"left\">Cookie pr\u00f2pia<\/td>\n<td align=\"left\">Sessions dels visitants. S&#8217;usen per a distingir als usuaris.<\/td>\n<td align=\"left\">Anal\u00edtica.<\/td>\n<td align=\"left\">13 mesos.<\/td>\n<\/tr>\n<tr>\n<td align=\"left\">VISITOR_INFO1.LIVE<\/td>\n<td align=\"left\">Cookie de tercers (.youtube.com)<\/td>\n<td align=\"left\">Sessions dels visitants.<\/td>\n<td align=\"left\">Anal\u00edtica i Publicit\u00e0ria<\/td>\n<td align=\"left\">180 dies. Per a m\u00e9s informaci\u00f3: <a href=\"https:\/\/policies.google.com\/technologies\/cookies\">Pol\u00edtica de Cookies de Google<\/a><\/td>\n<\/tr>\n<tr>\n<td align=\"left\">YSC<\/td>\n<td align=\"left\">Cookie de tercers (.youtube.com)<\/td>\n<td align=\"left\">Sessions dels visitants.<\/td>\n<td align=\"left\">Anal\u00edtica i Publicit\u00e0ria<\/td>\n<td align=\"left\">En finalitzar la sessi\u00f3 amb el navegador. Per a m\u00e9s informaci\u00f3: <a href=\"https:\/\/policies.google.com\/technologies\/cookies\">Pol\u00edtica de Cookies de Google<\/a><\/td>\n<\/tr>\n<tr>\n<td align=\"left\">VISITOR_PRIVACY_METADATA<\/td>\n<td align=\"left\">Cookie de tercers (.youtube.com)<\/td>\n<td align=\"left\">Sessions dels visitants.<\/td>\n<td align=\"left\">Anal\u00edtica i Publicit\u00e0ria<\/td>\n<td align=\"left\">180 dies. Per a m\u00e9s informaci\u00f3: <a href=\"https:\/\/policies.google.com\/technologies\/cookies\">Pol\u00edtica de Cookies de Google<\/a><\/td>\n<\/tr>\n<tr>\n<td align=\"left\">_icl_visitor_lang_js &amp; wpml_browser_redirect_test<\/td>\n<td align=\"left\">Cookie pr\u00f2pia<\/td>\n<td align=\"left\">Permet detectar l&#8217;idioma de l&#8217;usuari i mostrar-li la p\u00e0gina o redirigir-lo a l&#8217;idioma correcte.<\/td>\n<td align=\"left\">T\u00e8cnica. wpml_browser_redirect_test: En finalitzar la sessi\u00f3 amb el navegador. _icl_visitor_lang_js: 1 d\u00eda. Per a m\u00e9s informaci\u00f3: <a href=\"https:\/\/wpml.org\/documentation\/support\/browser-cookies-stored-wpml\/\">Pol\u00edtica de Cookies de WPML<\/a><\/td>\n<td align=\"left\">wpml_browser_redirect_test: En finalitzar la sessi\u00f3 amb el navegador. _icl_visitor_lang_js: 1 d\u00eda. Per a m\u00e9s informaci\u00f3: <a href=\"https:\/\/wpml.org\/documentation\/support\/browser-cookies-stored-wpml\/\">Pol\u00edtica de Cookies de WPML<\/a><\/td>\n<\/tr>\n<tr>\n<td align=\"left\">wp-wpml_current_language<\/td>\n<td align=\"left\">Cookie pr\u00f2pia<\/td>\n<td align=\"left\">Permet detectar l&#8217;idioma de l&#8217;usuari i mostrar-li la p\u00e0gina o redirigir-lo a l&#8217;idioma correcte.<\/td>\n<td align=\"left\">T\u00e8cnica.<\/td>\n<td align=\"left\">En finalitzar la sessi\u00f3 amb el navegador.<\/td>\n<\/tr>\n<\/tbody>\n<\/table>\n<\/div>\n<div class=\"fusion-text fusion-text-6\"><h2 class=\"fusion-responsive-typography-calculated\" data-fontsize=\"22\" data-lineheight=\"25px\">Desactivaci\u00f3 o eliminaci\u00f3 de cookies<\/h2>\n<div>\n<p>En qualsevol moment podr\u00e0 exercir el seu dret de desactivaci\u00f3 o eliminaci\u00f3 de cookies d&#8217;aquest lloc web. Aquestes accions es realitzen de manera diferent en funci\u00f3 del navegador que estigui usant. <a href=\"https:\/\/ulbios.com\/mas-informacion-sobre-las-cookies\/#navegadores\">Aqu\u00ed li deixem una guia r\u00e0pida per als navegadors m\u00e9s populars.<\/a><\/p>\n<\/div>\n<h2 class=\"fusion-responsive-typography-calculated\" data-fontsize=\"22\" data-lineheight=\"25px\">Notas addicionals<\/h2>\n<ul>\n<li>Ni aquesta web ni els seus representants legals es fan responsables ni del contingut ni de la veracitat de les pol\u00edtiques de privacitat que puguin tenir els tercers esmentats en aquesta pol\u00edtica de <em>cookies.<\/em><\/li>\n<li>Els navegadors web s\u00f3n les eines encarregades d&#8217;emmagatzemar les <em>cookies<\/em> i des d&#8217;aquest lloc ha d&#8217;efectuar el seu dret a eliminaci\u00f3 o desactivaci\u00f3 d&#8217;aquestes. Ni aquesta web ni els seus representants legals poden garantir la correcta o incorrecta manipulaci\u00f3 de les cookies per part dels esmentats navegadors.<\/li>\n<li>En alguns casos \u00e9s necessari instal\u00b7lar cookies perqu\u00e8 el navegador no oblidi la seva decisi\u00f3 de no acceptaci\u00f3 d&#8217;aquestes.<\/li>\n<li>En el cas de les <em>cookies<\/em> de Google Analytics, aquesta empresa emmagatzema les cookies en servidors situats als Estats Units i es compromet a no compartir-la amb tercers, excepte en els casos en els quals sigui necessari per al funcionament del sistema o quan la llei obligui a aquest efecte. Segons Google no guarda la seva adre\u00e7a IP. Google Inc. \u00e9s una companyia adherida a l&#8217;Acord de Port Segur que garanteix que totes les dades transferides seran tractats amb un nivell de protecci\u00f3 concorde a la normativa europea. Pot consultar informaci\u00f3 detallada referent a aix\u00f2 <a href=\"http:\/\/safeharbor.export.gov\/companyinfo.aspx?id=16626\">en aquest enlla\u00e7.<\/a> Si desitja informaci\u00f3 sobre l&#8217;\u00fas que Google dona a les cookies <a href=\"https:\/\/developers.google.com\/analytics\/devguides\/collection\/analyticsjs\/cookie-usage?hl=es&amp;csw=1\" target=\"_blank\" rel=\"noopener\">li adjuntem aquest altre enlla\u00e7.<\/a><\/li>\n<li>Per a qualsevol dubte o consulta sobre aquesta pol\u00edtica de cookies no dubti a comunicar-se amb nosaltres a trav\u00e9s de la secci\u00f3 de contacte.<\/li>\n<\/ul>\n<\/div><div class=\"fusion-text fusion-text-7\"><p><strong>ULBIOS TECHSENS SL <\/strong>utilitza cookies t\u00e8cniques, de personalitzaci\u00f3, an\u00e0lisi i publicit\u00e0ries, pr\u00f2pies i de tercers, que tracten dades de connexi\u00f3 i\/o del dispositiu, aix\u00ed com h\u00e0bits de navegaci\u00f3 per a fins estad\u00edstics i publicitaris.<\/p>\n<p>Per aix\u00f2, en accedir a la nostra web, en compliment de l&#8217;article 22 de la Llei de Serveis de la Societat de la Informaci\u00f3 li hem sol\u00b7licitat el seu consentiment per al seu \u00fas.<\/p>\n<p>El subministrament de dades personals a trav\u00e9s del nostre portal i el consentiment per a l&#8217;\u00fas de cookies requereix una edat m\u00ednima de 14 anys i l&#8217;acceptaci\u00f3 expressa de la nostra Pol\u00edtica de Privacitat.<\/p>\n<p><strong>D<\/strong><strong>e totes maneres, l&#8217;informem que pot activar o desactivar les cookies seguint les instruccions del seu navegador d&#8217;Internet:<\/strong><\/p>\n<\/div>\n<div class=\"table-1\">\n<table width=\"100%\">\n<thead>\n<tr>\n<th style=\"text-align: center;\" align=\"left\"><\/th>\n<th style=\"text-align: center;\" align=\"left\"><\/th>\n<th style=\"text-align: center;\" align=\"left\"><\/th>\n<\/tr>\n<\/thead>\n<tbody>\n<tr>\n<td align=\"left\">Chrome<\/td>\n<td align=\"left\">Configuraci\u00f3 \u2013 Mostrar opcions avan\u00e7ades \u2013 Privacitat \u2013 Configuraci\u00f3 de contingut.<\/td>\n<td align=\"left\">support.google.com<\/td>\n<\/tr>\n<tr>\n<td align=\"left\">Firefox<\/td>\n<td align=\"left\">Eines \u2013 Opcions\u2013 Privacitat \u2013 Historial \u2013 Configuraci\u00f3 Personalitzada<\/td>\n<td align=\"left\">support.mozilla.org<\/td>\n<\/tr>\n<tr>\n<td align=\"left\">Internet Explorer<\/td>\n<td align=\"left\">Eines \u2013 Opcions d&#8217;Internet \u2013 Privacitat \u2013 Configuraci\u00f3<\/td>\n<td align=\"left\">windows.microsoft.com<\/td>\n<\/tr>\n<tr>\n<td align=\"left\">Opera<\/td>\n<td align=\"left\">Eines \u2013 Prefer\u00e8ncies \u2013 Editar prefer\u00e8ncies \u2013 Cookies<\/td>\n<td align=\"left\">http:\/\/www.opera.com\/help\/tutorials\/security\/cookies<\/td>\n<\/tr>\n<tr>\n<td align=\"left\">Safari<\/td>\n<td align=\"left\">Prefer\u00e8ncies \u2013 Seguretat<\/td>\n<td align=\"left\">http:\/\/www.apple.com<\/td>\n<\/tr>\n<tr>\n<td align=\"left\">Edge<\/td>\n<td align=\"left\">Configuraci\u00f3 \u2013 Veure configuraci\u00f3 avan\u00e7ada \u2013 Privacitat i serveis \u2013 Cookies<\/td>\n<td align=\"left\">https:\/\/privacy.microsoft.com\/es-es\/windows-10-microsoft-edge-and-privacy<\/td>\n<\/tr>\n<\/tbody>\n<\/table>\n<\/div>\n<\/div><\/div><\/div><\/div>\n","protected":false},"excerpt":{"rendered":"","protected":false},"author":2,"featured_media":0,"parent":0,"menu_order":0,"comment_status":"closed","ping_status":"closed","template":"","meta":{"footnotes":""},"class_list":["post-5132","page","type-page","status-publish","hentry"],"yoast_head":"<!-- This site is optimized with the Yoast SEO Premium plugin v27.4 (Yoast SEO v27.4) - https:\/\/yoast.com\/product\/yoast-seo-premium-wordpress\/ -->\n<title>Pol\u00edtica de Cookies - Ulbios<\/title>\n<meta name=\"robots\" content=\"index, follow, max-snippet:-1, max-image-preview:large, max-video-preview:-1\" \/>\n<link rel=\"canonical\" href=\"https:\/\/ulbios.com\/ca\/politica-de-cookies\/\" \/>\n<meta property=\"og:locale\" content=\"en_US\" \/>\n<meta property=\"og:type\" content=\"article\" \/>\n<meta property=\"og:title\" content=\"Pol\u00edtica de Cookies\" \/>\n<meta property=\"og:url\" content=\"https:\/\/ulbios.com\/ca\/politica-de-cookies\/\" \/>\n<meta property=\"og:site_name\" content=\"Ulbios\" \/>\n<meta property=\"article:modified_time\" content=\"2025-10-20T06:04:14+00:00\" \/>\n<meta name=\"twitter:card\" content=\"summary_large_image\" \/>\n<meta name=\"twitter:label1\" content=\"Est. reading time\" \/>\n\t<meta name=\"twitter:data1\" content=\"7 minutes\" \/>\n<!-- \/ Yoast SEO Premium plugin. -->","yoast_head_json":{"title":"Pol\u00edtica de Cookies - Ulbios","robots":{"index":"index","follow":"follow","max-snippet":"max-snippet:-1","max-image-preview":"max-image-preview:large","max-video-preview":"max-video-preview:-1"},"canonical":"https:\/\/ulbios.com\/ca\/politica-de-cookies\/","og_locale":"en_US","og_type":"article","og_title":"Pol\u00edtica de Cookies","og_url":"https:\/\/ulbios.com\/ca\/politica-de-cookies\/","og_site_name":"Ulbios","article_modified_time":"2025-10-20T06:04:14+00:00","twitter_card":"summary_large_image","twitter_misc":{"Est. reading time":"7 minutes"},"schema":{"@context":"https:\/\/schema.org","@graph":[{"@type":"WebPage","@id":"https:\/\/ulbios.com\/ca\/politica-de-cookies\/","url":"https:\/\/ulbios.com\/ca\/politica-de-cookies\/","name":"Pol\u00edtica de Cookies - Ulbios","isPartOf":{"@id":"https:\/\/ulbios.com\/#website"},"datePublished":"2022-07-27T04:58:30+00:00","dateModified":"2025-10-20T06:04:14+00:00","breadcrumb":{"@id":"https:\/\/ulbios.com\/ca\/politica-de-cookies\/#breadcrumb"},"inLanguage":"cat-CA","potentialAction":[{"@type":"ReadAction","target":["https:\/\/ulbios.com\/ca\/politica-de-cookies\/"]}]},{"@type":"BreadcrumbList","@id":"https:\/\/ulbios.com\/ca\/politica-de-cookies\/#breadcrumb","itemListElement":[{"@type":"ListItem","position":1,"name":"Portada","item":"https:\/\/ulbios.com\/ca\/"},{"@type":"ListItem","position":2,"name":"Pol\u00edtica de Cookies"}]},{"@type":"WebSite","@id":"https:\/\/ulbios.com\/#website","url":"https:\/\/ulbios.com\/","name":"Ulbios","description":"","potentialAction":[{"@type":"SearchAction","target":{"@type":"EntryPoint","urlTemplate":"https:\/\/ulbios.com\/?s={search_term_string}"},"query-input":{"@type":"PropertyValueSpecification","valueRequired":true,"valueName":"search_term_string"}}],"inLanguage":"cat-CA"}]}},"_links":{"self":[{"href":"https:\/\/ulbios.com\/ca\/wp-json\/wp\/v2\/pages\/5132","targetHints":{"allow":["GET"]}}],"collection":[{"href":"https:\/\/ulbios.com\/ca\/wp-json\/wp\/v2\/pages"}],"about":[{"href":"https:\/\/ulbios.com\/ca\/wp-json\/wp\/v2\/types\/page"}],"author":[{"embeddable":true,"href":"https:\/\/ulbios.com\/ca\/wp-json\/wp\/v2\/users\/2"}],"replies":[{"embeddable":true,"href":"https:\/\/ulbios.com\/ca\/wp-json\/wp\/v2\/comments?post=5132"}],"version-history":[{"count":9,"href":"https:\/\/ulbios.com\/ca\/wp-json\/wp\/v2\/pages\/5132\/revisions"}],"predecessor-version":[{"id":5141,"href":"https:\/\/ulbios.com\/ca\/wp-json\/wp\/v2\/pages\/5132\/revisions\/5141"}],"wp:attachment":[{"href":"https:\/\/ulbios.com\/ca\/wp-json\/wp\/v2\/media?parent=5132"}],"curies":[{"name":"wp","href":"https:\/\/api.w.org\/{rel}","templated":true}]}}