{"id":5143,"date":"2022-07-27T06:56:36","date_gmt":"2022-07-27T04:56:36","guid":{"rendered":"https:\/\/ulbios.com\/?page_id=5143"},"modified":"2025-10-20T08:02:03","modified_gmt":"2025-10-20T06:02:03","slug":"avis-legal","status":"publish","type":"page","link":"https:\/\/ulbios.com\/ca\/avis-legal\/","title":{"rendered":"Av\u00eds Legal"},"content":{"rendered":"<h1>Av\u00eds Legal<\/h1>\n<p>Aquesta p\u00e0gina Web \u00e9s propietat de ULBIOS TECHSENS SL (d&#8217;ara endavant ULBIOS), amb NIF n\u00fam. B05475033 i domicili en C\/De la M\u00e0quina, 8B, Pol. Ind. El Reg\u00e0s, 08850, Gav\u00e0, Barcelona (Espanya) i Inscrita en el Registre Mercantil de Barcelona, Tom 47840, foli 216, fulla 563878 , inscripci\u00f3 3a.<\/p>\n<p>Per a qualsevol consulta o proposta, contacti&#8217;ns trucant al tel\u00e8fon +34 930 025 922 o en el e-mail <a href=\"mailto:eliplata@ulbios.com\">info@ulbios.com<\/a>.<\/p>\n<p>Aquesta p\u00e0gina Web es regeix per la normativa exclusivament aplicable a Espanya, quedant sotmesa a ella, tant nacionals com estrangers que utilitzin aquesta Web.<\/p>\n<p>L&#8217;acc\u00e9s a la nostra p\u00e0gina Web per part de la PERSONA USU\u00c0RIA \u00e9s gratu\u00eft i el seu \u00fas es regeix per les condicions d&#8217;\u00fas vigents en el moment de l&#8217;acc\u00e9s, que preguem que llegeixi detingudament. Si la PERSONA USU\u00c0RIA no estigu\u00e9s d&#8217;acord amb les presents condicions d&#8217;\u00fas, haur\u00e0 d&#8217;abstenir-se d&#8217;utilitzar aquest portal i operar per mitj\u00e0 d&#8217;aquest, podent contactar amb nosaltres perqu\u00e8 li resolguem qualsevol dubte en relaci\u00f3 amb aquestes.<\/p>\n<p>El subministrament de dades personals a trav\u00e9s del nostre portal requereix una edat m\u00ednima de 14 anys, o si \u00e9s el cas, disposar de capacitat jur\u00eddica suficient per a contractar.<\/p>\n<p>En qualsevol moment podrem modificar la presentaci\u00f3 i configuraci\u00f3 de la nostra Web, ampliar o reduir serveis, i fins i tot suprimir-la de la Xarxa, aix\u00ed com els serveis i continguts prestats.<\/p>\n<p>&nbsp;<\/p>\n<p><strong>A. PROPIETAT INTEL\u00b7LECTUAL<\/strong><\/p>\n<p>Tots els continguts, textos, imatges, i codis font s\u00f3n propietat de ULBIOS o de tercers als quals s&#8217;han adquirit els seus drets d&#8217;explotaci\u00f3, i estan protegits pels drets de Propietat Intel\u00b7lectual i Industrial.<\/p>\n<p>La PERSONA USU\u00c0RIA \u00fanicament t\u00e9 dret a un \u00fas privat d&#8217;aquests, sense \u00e0nim de lucre, i necessita autoritzaci\u00f3 expressa per a modificar-los, reproduir-los, explotar-los, distribuir-los o exercir qualsevol dret pertanyent al seu titular.<\/p>\n<p>ULBIOS \u00e9s una marca registrada, i est\u00e0 prohibida la seva reproducci\u00f3, imitaci\u00f3, utilitzaci\u00f3 o inserci\u00f3 d&#8217;aquestes marques sense la nostra deguda autoritzaci\u00f3.<\/p>\n<p>L&#8217;establiment d&#8217;enlla\u00e7os al nostre portal no confereix cap dret sobre aquest. Aix\u00ed mateix, el simple fet d&#8217;establir un enlla\u00e7 a la nostra p\u00e0gina web no dona dret a atorgar-se la categoria de col\u00b7laborador o soci.<\/p>\n<p>&nbsp;<\/p>\n<p>ULBIOS queda exonerat de responsabilitat per qualsevol reclamaci\u00f3 respecte als drets de propietat intel\u00b7lectual dels articles i imatges publicades per tercers en el seu portal.<\/p>\n<p>Est\u00e0 absolutament prohibida la imitaci\u00f3 ja sigui total o parcial del nostre portal o l&#8217;establiment d&#8217;enlla\u00e7os a la nostra p\u00e0gina web sense l&#8217;autoritzaci\u00f3 pr\u00e8via de ULBIOS.<\/p>\n<p>&nbsp;<\/p>\n<p><strong>B. CONDICIONS D&#8217;ACC\u00c9S I \u00daS<\/strong><\/p>\n<p>L&#8217;acc\u00e9s a la nostra p\u00e0gina Web \u00e9s gratu\u00eft i no exigeix subscripci\u00f3 o registre previ. No obstant aix\u00f2, determinats serveis s\u00f3n d&#8217;acc\u00e9s restringit a determinades PERSONES USU\u00c0RIES i requereixen haver realitzat un proc\u00e9s de registre i\/o la identificaci\u00f3 mitjan\u00e7ant contrasenyes. Aquests serveis quedaran degudament identificats en la Web.<\/p>\n<p>L&#8217;enviament de dades personals implica l&#8217;acceptaci\u00f3 expressa per part de la PERSONA USU\u00c0RIA de la nostra pol\u00edtica de privacitat.<\/p>\n<p>La PERSONA USU\u00c0RIA ha d&#8217;accedir a la nostra p\u00e0gina Web conforme a la bona fe, les normes d&#8217;ordre p\u00fablic i a les presents Condicions Generals d&#8217;\u00fas. L&#8217;acc\u00e9s al nostre lloc web es realitza sota la pr\u00f2pia i exclusiva responsabilitat de la PERSONA USU\u00c0RIA, que respondr\u00e0 en tot cas dels danys i perjudicis que pugui causar a tercers o a nosaltres mateixos.<\/p>\n<p>La PERSONA USU\u00c0RIA t\u00e9 expressament prohibida la utilitzaci\u00f3 i obtenci\u00f3 dels serveis i continguts oferts en la present p\u00e0gina web, per procediments distints als estipulats en les presents condicions d&#8217;\u00fas.<\/p>\n<p>La PERSONA USU\u00c0RIA t\u00e9 prohibit qualsevol tipus d&#8217;acci\u00f3 sobre el nostre portal que origini una excessiva sobrec\u00e0rrega de funcionament als nostres sistemes inform\u00e0tics, aix\u00ed com la introducci\u00f3 de virus, o instal\u00b7laci\u00f3 de robots, o programari que alteri el normal funcionament de la nostra web, o en definitiva pugui causar danys als nostres sistemes inform\u00e0tics.<\/p>\n<p>Tenint en compte la dificultat de control respecte a la informaci\u00f3, continguts i serveis que continguin p\u00e0gines web de tercers disponibles des de la nostra p\u00e0gina web, li comuniquem que ULBIOS, no es fa responsable d&#8217;aquests, sense perjudici que intentar\u00e0, en la mesura que sigui possible, vetllar per la seva legalitat.<\/p>\n<p>ULBIOS es reserva el dret a donar de baixa a qualsevol PERSONA USU\u00c0RIA que l&#8217;organitzaci\u00f3 entengui que ha vulnerat les condicions que regeixen l&#8217;\u00fas de la nostra p\u00e0gina web. Aix\u00ed mateix, es reserva el dret d&#8217;exercitar les accions legals oportunes contra aquells que vulnerin les presents condicions generals d&#8217;\u00fas.<\/p>\n<p>&nbsp;<\/p>\n<p><strong>C. POL\u00cdTICA DE PRIVACITAT<\/strong><\/p>\n<p>La confidencialitat i la seguretat s\u00f3n valors primordials de ULBIOS i, en conseq\u00fc\u00e8ncia, assumim el comprom\u00eds de garantir la privacitat de la PERSONA USU\u00c0RIA en tot moment i de no recaptar informaci\u00f3 innecess\u00e0ria.<\/p>\n<p>El subministrament de dades personals a trav\u00e9s del nostre portal requereix una edat m\u00ednima de 14 anys i l&#8217;acceptaci\u00f3 expressa de la nostra <a href=\"https:\/\/ulbios.com\/ca\/politica-de-privacitat\/\"><u>Pol\u00edtica de Privacidad<\/u>.<\/a><\/p>\n<p>&nbsp;<\/p>\n<p><strong>D. RESPONSABILITATS<\/strong><\/p>\n<p>En posar a la disposici\u00f3 de la PERSONA USU\u00c0RIA aquesta p\u00e0gina Web volem oferir-li un servei de qualitat, utilitzant la m\u00e0xima dilig\u00e8ncia en la prestaci\u00f3 d&#8217;aquest, aix\u00ed com en els mitjans tecnol\u00f2gics utilitzats. No obstant aix\u00f2, ULBIOS no garanteix que la disponibilitat del servei sigui cont\u00ednua i ininterrompuda, per circumst\u00e0ncies originades per problemes en la xarxa d&#8217;Internet, avaries en els dispositius inform\u00e0tics o altres circumst\u00e0ncies imprevisibles, de manera que la PERSONA USU\u00c0RIA accepta suportar dins d&#8217;uns l\u00edmits raonables aquestes circumst\u00e0ncies.<\/p>\n<p>Aquesta p\u00e0gina web, excepte el regulat, si \u00e9s el cas, per algunes condicions d&#8217;\u00fas espec\u00edfiques, \u00e9s purament informativa i de presentaci\u00f3 corporativa dels nostres productes i serveis, per la qual cosa ULBIOS no es responsabilitza per les expectatives de qualsevol tipus que pugui generar a la PERSONA USU\u00c0RIA.<\/p>\n<p>Tot el referent a la nostra p\u00e0gina web, es regeix exclusivament per les lleis espanyoles. En el cas que es produeixi qualsevol tipus de discrep\u00e0ncia o difer\u00e8ncia entre les parts en relaci\u00f3 amb la interpretaci\u00f3 i contingut de la present p\u00e0gina web, totes les parts se sotmeten als Jutjats i Tribunals que legalment corresponguin.<\/p>\n<p>&nbsp;<\/p>\n<p><strong>E. VIG\u00c8NCIA DE LES CONDICIONS GENERALS D&#8217;ACC\u00c9S A LA WEB<\/strong><\/p>\n<p>Les presents Condicions Generals d&#8217;\u00das han estat modificades amb data 09\/05\/2025. En qualsevol moment podem procedir a la seva modificaci\u00f3: si us plau, comprovi la data d&#8217;emissi\u00f3 en cada ocasi\u00f3 en qu\u00e8 es connecti a la nostra p\u00e0gina Web i aix\u00ed tindr\u00e0 la certesa que no s&#8217;ha produ\u00eft cap modificaci\u00f3 que l&#8217;afecti.<\/p>\n<p>Per a qualsevol q\u00fcesti\u00f3 respecte a les Condicions d&#8217;\u00das de la nostra p\u00e0gina web, pot posar-se en contacte amb nosaltres en les dades indicats m\u00e9s amunt.<\/p>\n","protected":false},"excerpt":{"rendered":"<p>Av\u00eds Legal Aquesta p\u00e0gina Web \u00e9s propietat de ULBIOS TECHSENS  [&#8230;]<\/p>\n","protected":false},"author":2,"featured_media":0,"parent":0,"menu_order":0,"comment_status":"closed","ping_status":"closed","template":"","meta":{"footnotes":""},"class_list":["post-5143","page","type-page","status-publish","hentry"],"yoast_head":"<!-- This site is optimized with the Yoast SEO Premium plugin v27.4 (Yoast SEO v27.4) - https:\/\/yoast.com\/product\/yoast-seo-premium-wordpress\/ -->\n<title>Av\u00eds Legal - Ulbios<\/title>\n<meta name=\"robots\" content=\"index, follow, max-snippet:-1, max-image-preview:large, max-video-preview:-1\" \/>\n<link rel=\"canonical\" href=\"https:\/\/ulbios.com\/ca\/avis-legal\/\" \/>\n<meta property=\"og:locale\" content=\"en_US\" \/>\n<meta property=\"og:type\" content=\"article\" \/>\n<meta property=\"og:title\" content=\"Av\u00eds Legal\" \/>\n<meta property=\"og:description\" content=\"Av\u00eds Legal Aquesta p\u00e0gina Web \u00e9s propietat de ULBIOS TECHSENS [...]\" \/>\n<meta property=\"og:url\" content=\"https:\/\/ulbios.com\/ca\/avis-legal\/\" \/>\n<meta property=\"og:site_name\" content=\"Ulbios\" \/>\n<meta property=\"article:modified_time\" content=\"2025-10-20T06:02:03+00:00\" \/>\n<meta name=\"twitter:card\" content=\"summary_large_image\" \/>\n<meta name=\"twitter:label1\" content=\"Est. reading time\" \/>\n\t<meta name=\"twitter:data1\" content=\"5 minutes\" \/>\n<!-- \/ Yoast SEO Premium plugin. -->","yoast_head_json":{"title":"Av\u00eds Legal - Ulbios","robots":{"index":"index","follow":"follow","max-snippet":"max-snippet:-1","max-image-preview":"max-image-preview:large","max-video-preview":"max-video-preview:-1"},"canonical":"https:\/\/ulbios.com\/ca\/avis-legal\/","og_locale":"en_US","og_type":"article","og_title":"Av\u00eds Legal","og_description":"Av\u00eds Legal Aquesta p\u00e0gina Web \u00e9s propietat de ULBIOS TECHSENS [...]","og_url":"https:\/\/ulbios.com\/ca\/avis-legal\/","og_site_name":"Ulbios","article_modified_time":"2025-10-20T06:02:03+00:00","twitter_card":"summary_large_image","twitter_misc":{"Est. reading time":"5 minutes"},"schema":{"@context":"https:\/\/schema.org","@graph":[{"@type":"WebPage","@id":"https:\/\/ulbios.com\/ca\/avis-legal\/","url":"https:\/\/ulbios.com\/ca\/avis-legal\/","name":"Av\u00eds Legal - Ulbios","isPartOf":{"@id":"https:\/\/ulbios.com\/#website"},"datePublished":"2022-07-27T04:56:36+00:00","dateModified":"2025-10-20T06:02:03+00:00","breadcrumb":{"@id":"https:\/\/ulbios.com\/ca\/avis-legal\/#breadcrumb"},"inLanguage":"cat-CA","potentialAction":[{"@type":"ReadAction","target":["https:\/\/ulbios.com\/ca\/avis-legal\/"]}]},{"@type":"BreadcrumbList","@id":"https:\/\/ulbios.com\/ca\/avis-legal\/#breadcrumb","itemListElement":[{"@type":"ListItem","position":1,"name":"Portada","item":"https:\/\/ulbios.com\/ca\/"},{"@type":"ListItem","position":2,"name":"Av\u00eds Legal"}]},{"@type":"WebSite","@id":"https:\/\/ulbios.com\/#website","url":"https:\/\/ulbios.com\/","name":"Ulbios","description":"","potentialAction":[{"@type":"SearchAction","target":{"@type":"EntryPoint","urlTemplate":"https:\/\/ulbios.com\/?s={search_term_string}"},"query-input":{"@type":"PropertyValueSpecification","valueRequired":true,"valueName":"search_term_string"}}],"inLanguage":"cat-CA"}]}},"_links":{"self":[{"href":"https:\/\/ulbios.com\/ca\/wp-json\/wp\/v2\/pages\/5143","targetHints":{"allow":["GET"]}}],"collection":[{"href":"https:\/\/ulbios.com\/ca\/wp-json\/wp\/v2\/pages"}],"about":[{"href":"https:\/\/ulbios.com\/ca\/wp-json\/wp\/v2\/types\/page"}],"author":[{"embeddable":true,"href":"https:\/\/ulbios.com\/ca\/wp-json\/wp\/v2\/users\/2"}],"replies":[{"embeddable":true,"href":"https:\/\/ulbios.com\/ca\/wp-json\/wp\/v2\/comments?post=5143"}],"version-history":[{"count":1,"href":"https:\/\/ulbios.com\/ca\/wp-json\/wp\/v2\/pages\/5143\/revisions"}],"predecessor-version":[{"id":5144,"href":"https:\/\/ulbios.com\/ca\/wp-json\/wp\/v2\/pages\/5143\/revisions\/5144"}],"wp:attachment":[{"href":"https:\/\/ulbios.com\/ca\/wp-json\/wp\/v2\/media?parent=5143"}],"curies":[{"name":"wp","href":"https:\/\/api.w.org\/{rel}","templated":true}]}}