{"id":993,"date":"2022-07-27T06:57:37","date_gmt":"2022-07-27T04:57:37","guid":{"rendered":"https:\/\/ulbios.com\/politica-de-privacidad\/"},"modified":"2023-01-31T14:46:54","modified_gmt":"2023-01-31T13:46:54","slug":"politique-de-confidentialite","status":"publish","type":"page","link":"https:\/\/ulbios.com\/fr\/politique-de-confidentialite\/","title":{"rendered":"Politique de confidentialit\u00e9"},"content":{"rendered":"<div class=\"vc_row wpb_row section vc_row-fluid vc_custom_1531900918973\">\n<div class=\" full_section_inner clearfix\">\n<div class=\"wpb_column vc_column_container vc_col-sm-12\">\n<div class=\"vc_column-inner \">\n<div class=\"wpb_wrapper\">\n<div class=\"wpb_text_column wpb_content_element \">\n<div class=\"wpb_wrapper\">\n<h1>Politique de confidentialit\u00e9<\/h1>\n<p>La\u00a0confidentialit\u00e9 et la s\u00e9curit\u00e9 sont des valeurs fondamentales de ULBIOS TECH SENS et, par cons\u00e9quent, nous nous engageons \u00e0 garantir \u00e0 tout moment la confidentialit\u00e9 de l&#8217;Utilisateur et \u00e0 ne pas collecter d&#8217;informations inutiles. Ci-dessous, nous vous fournissons toutes les informations n\u00e9cessaires sur notre politique de confidentialit\u00e9 en ce qui concerne les donn\u00e9es personnelles que nous collectons, en vous expliquant :<\/p>\n<ul>\n<li>Qui est responsable du traitement de vos donn\u00e9es.<\/li>\n<li>Dans quel but nous collectons les donn\u00e9es que nous vous demandons.<\/li>\n<li>Quelle est la l\u00e9gitimit\u00e9 de son traitement.<\/li>\n<li>Combien de temps nous le gardons.<\/li>\n<li>A quels destinataires vos donn\u00e9es seront-elles divulgu\u00e9es.<\/li>\n<li>Quels sont vos droits ?\n<div><\/div>\n<\/li>\n<\/ul>\n<ol>\n<li>\n<h3><strong>Responsable<\/strong>:<\/h3>\n<\/li>\n<\/ol>\n<p>C\/ de la M\u00e1quina, 8 B, Pol. Ind. El Reg\u00e1s<br \/>\n08850 Gav\u00e1 (Barcelona)<br \/>\n<a href=\"mailto:info@ulbios.com\">info@ulbios.com<\/a><\/p>\n<ol start=\"2\">\n<li>\n<h3><strong>Finalit\u00e9s, l\u00e9gitimit\u00e9 et conservation du traitement des donn\u00e9es transmises:<\/strong><\/h3>\n<\/li>\n<\/ol>\n<ul>\n<li><strong>FORMULAIRE DE CONTACT.<\/strong><\/li>\n<\/ul>\n<p><strong>Objectif :<\/strong>\u00a0Vous fournir un moyen de nous contacter et de r\u00e9pondre \u00e0 vos demandes d&#8217;information, ainsi que de vous envoyer des communications sur nos produits, services et activit\u00e9s, y compris par voie \u00e9lectronique, si vous cochez la case d&#8217;acceptation.<\/p>\n<p><strong>L\u00e9gitimation :<\/strong> Le consentement de l&#8217;utilisateur lorsqu&#8217;il nous demande des informations par le biais de notre formulaire de contact et en cochant la case d&#8217;acceptation pour l&#8217;envoi d&#8217;informations.<\/p>\n<p><strong>Conservation :<\/strong>\u00a0Jusqu&#8217;\u00e0 ce que votre demande ait re\u00e7u une r\u00e9ponse via notre formulaire ou une r\u00e9ponse par e-mail, si elle n&#8217;a pas g\u00e9n\u00e9r\u00e9 un nouveau traitement. Si vous avez accept\u00e9 de recevoir des envois commerciaux, jusqu&#8217;\u00e0 ce que vous demandiez \u00e0 vous en d\u00e9sabonner.<\/p>\n<ul>\n<li><strong>L&#8217;ENVOI DE COURRIERS \u00c9LECTRONIQUES.<\/strong><\/li>\n<\/ul>\n<p><strong>Objectif :<\/strong>\u00a0R\u00e9pondre \u00e0 vos demandes d&#8217;information, traiter vos demandes et r\u00e9pondre \u00e0 vos questions ou doutes.<\/p>\n<p><strong>L\u00e9gitimation :<\/strong> Le consentement de l&#8217;utilisateur lorsqu&#8217;il demande des informations par le biais de l&#8217;adresse \u00e9lectronique.<\/p>\n<p><strong>Conservation :<\/strong> Une fois que votre demande a re\u00e7u une r\u00e9ponse par e-mail, si elle n&#8217;a pas g\u00e9n\u00e9r\u00e9 un nouveau traitement.<\/p>\n<ul>\n<li><strong>ENVOI DU CURRICULUM VITAE PAR E-MAIL.<\/strong><\/li>\n<\/ul>\n<p><strong>Objectif :<\/strong>\u00a0Disposer de votre curriculum pour participer \u00e0 nos processus de s\u00e9lection du personnel.<\/p>\n<p><strong>L\u00e9gitimation :<\/strong> Le consentement de l&#8217;utilisateur \u00e0 nous envoyer ses informations personnelles et son CV pour nos processus de s\u00e9lection du personnel.<\/p>\n<p><strong>Conservation :<\/strong> Pendant le d\u00e9veloppement des processus ouverts de s\u00e9lection du personnel et pendant 1 an pour les processus futurs.<\/p>\n<ul>\n<li><strong>L&#8217;ABONNEMENT \u00c0 NOTRE BULLETIN D&#8217;INFORMATION<\/strong><\/li>\n<\/ul>\n<p><strong>Objectif :<\/strong> Envoi de notre lettre d&#8217;information commerciale et de communications informatives et publicitaires sur nos produits ou services susceptibles de vous int\u00e9resser, y compris par voie \u00e9lectronique.<\/p>\n<p><strong>L\u00e9gitimation :<\/strong>\u00a0Le consentement de l&#8217;utilisateur lorsqu&#8217;il s&#8217;abonne \u00e0 nos envois commerciaux et\/ou \u00e0 nos bulletins d&#8217;information.<\/p>\n<p><strong>Conservation :<\/strong>\u00a0Jusqu&#8217;\u00e0 ce que la partie int\u00e9ress\u00e9e r\u00e9voque son consentement et demande \u00e0 se d\u00e9sinscrire du service.<\/p>\n<p><strong>Obligation de nous fournir des donn\u00e9es \u00e0 caract\u00e8re personnel et cons\u00e9quences du non-respect de cette obligation.<\/strong><\/p>\n<p>La fourniture de donn\u00e9es personnelles requiert un \u00e2ge minimum de 14 ans ou, le cas \u00e9ch\u00e9ant, une capacit\u00e9 juridique suffisante pour contracter.<\/p>\n<p>Les donn\u00e9es personnelles demand\u00e9es sont n\u00e9cessaires pour g\u00e9rer vos demandes et\/ou vous fournir les services que vous avez contract\u00e9s. Si vous ne les fournissez pas, nous ne serons pas en mesure de vous r\u00e9pondre correctement ou de vous fournir le service que vous avez demand\u00e9.<\/p>\n<ol start=\"3\">\n<li>\n<h3><strong>Destinataires de vos donn\u00e9es<\/strong><\/h3>\n<\/li>\n<\/ol>\n<p>Vos donn\u00e9es sont confidentielles et ne seront pas communiqu\u00e9es \u00e0 des tiers, \u00e0 moins qu&#8217;il n&#8217;existe une obligation l\u00e9gale de le faire.<\/p>\n<ol start=\"4\">\n<li>\n<h3><strong>Droits relatifs \u00e0 vos donn\u00e9es personnelles<\/strong><\/h3>\n<\/li>\n<\/ol>\n<p>Toute personne peut retirer son consentement \u00e0 tout moment, lorsque le consentement a \u00e9t\u00e9 donn\u00e9 pour le traitement de ses donn\u00e9es. En aucun cas, le retrait de ce consentement ne conditionne l&#8217;ex\u00e9cution du contrat d&#8217;abonnement ou des relations pr\u00e9c\u00e9demment g\u00e9n\u00e9r\u00e9es.<\/p>\n<p>Vous pouvez \u00e9galement exercer les droits suivants :<\/p>\n<ul>\n<li>Demander l&#8217;acc\u00e8s \u00e0 vos donn\u00e9es personnelles ou leur rectification lorsqu&#8217;elles sont inexactes.<\/li>\n<li>Demander leur suppression lorsque, entre autres raisons, les donn\u00e9es ne sont plus n\u00e9cessaires aux fins pour lesquelles elles ont \u00e9t\u00e9 collect\u00e9es.<\/li>\n<li>Demander la limitation de leur traitement dans certaines circonstances.<\/li>\n<li>Demander l&#8217;opposition au traitement de vos donn\u00e9es pour des motifs li\u00e9s \u00e0 votre situation particuli\u00e8re.<\/li>\n<li>Demander la portabilit\u00e9 des donn\u00e9es dans les cas pr\u00e9vus par la r\u00e9glementation.<\/li>\n<li>Autres droits reconnus dans la r\u00e9glementation applicable.<\/li>\n<\/ul>\n<p>O\u00f9 et comment demander vos droits : En \u00e9crivant au responsable du traitement des donn\u00e9es \u00e0 l&#8217;adresse postale ou \u00e9lectronique (indiqu\u00e9e dans la section A), en indiquant la r\u00e9f\u00e9rence &#8221; Donn\u00e9es personnelles &#8220;, en pr\u00e9cisant le droit que vous souhaitez exercer et par rapport \u00e0 quelles donn\u00e9es personnelles.<\/p>\n<p>En cas de d\u00e9saccord avec l&#8217;entreprise concernant le traitement de vos donn\u00e9es, vous pouvez d\u00e9poser une plainte aupr\u00e8s de l&#8217;autorit\u00e9 de protection des donn\u00e9es (<a href=\"http:\/\/www.agpd.es\/\">www.agpd.es<\/a>).<\/p>\n<ol start=\"5\">\n<li>\n<h3><strong>Cookies<\/strong><\/h3>\n<\/li>\n<\/ol>\n<p>Ce site web utilise uniquement des cookies techniques, de personnalisation et d&#8217;analyse, les n\u00f4tres et ceux de tiers (Google Analytics), qui ne traitent en aucun cas les donn\u00e9es personnelles et ne captent pas les habitudes de navigation \u00e0 des fins publicitaires.<\/p>\n<p>Par cons\u00e9quent, lors de l&#8217;acc\u00e8s \u00e0 notre site web, conform\u00e9ment \u00e0 l&#8217;article 22 de la loi sur les services de la soci\u00e9t\u00e9 de l&#8217;information, lors du traitement des cookies d&#8217;analyse, nous avons demand\u00e9 votre consentement pour leur utilisation et fourni des informations \u00e0 leur sujet, qui, dans tous les cas, seront install\u00e9es apr\u00e8s une p\u00e9riode de temps raisonnable afin que l&#8217;utilisateur ait le temps de d\u00e9cider s&#8217;il donne son consentement ou non.<\/p>\n<ol start=\"6\">\n<li>\n<h3><strong>S\u00e9curit\u00e9 de vos donn\u00e9es personnelles<\/strong><\/h3>\n<\/li>\n<\/ol>\n<p>Afin de garantir la s\u00e9curit\u00e9 de vos donn\u00e9es personnelles, nous vous informons que nous avons pris toutes les mesures techniques et organisationnelles n\u00e9cessaires pour assurer la s\u00e9curit\u00e9 des donn\u00e9es personnelles fournies contre l&#8217;alt\u00e9ration, la perte, le traitement ou l&#8217;acc\u00e8s non autoris\u00e9.<\/p>\n<ol start=\"7\">\n<li>\n<h3><strong>Mise \u00e0 jour de vos donn\u00e9es<\/strong><\/h3>\n<\/li>\n<\/ol>\n<p>Afin de nous permettre de tenir \u00e0 jour vos donn\u00e9es personnelles, il est important que vous nous informiez de toute modification de celles-ci, faute de quoi nous ne pourrons \u00eatre tenus responsables de l&#8217;exactitude des donn\u00e9es.<\/p>\n<p>Nous ne sommes pas responsables de la politique de confidentialit\u00e9 concernant les donn\u00e9es personnelles que vous pouvez fournir \u00e0 des tiers par le biais des liens disponibles sur notre site web.<\/p>\n<p>Cette politique de confidentialit\u00e9 peut \u00eatre modifi\u00e9e pour l&#8217;adapter aux changements qui peuvent intervenir sur notre site web, ainsi qu&#8217;aux modifications l\u00e9gislatives ou jurisprudentielles sur les donn\u00e9es personnelles qui peuvent appara\u00eetre, elle doit donc \u00eatre lue chaque fois que vous nous fournissez vos donn\u00e9es \u00e0 travers ce site web.<\/p>\n<\/div>\n<\/div>\n<\/div>\n<\/div>\n<\/div>\n<\/div>\n<\/div>\n","protected":false},"excerpt":{"rendered":"<p>Politique de confidentialit\u00e9 La\u00a0confidentialit\u00e9 et la s\u00e9curit\u00e9 sont des valeurs  [&#8230;]<\/p>\n","protected":false},"author":2,"featured_media":0,"parent":0,"menu_order":0,"comment_status":"closed","ping_status":"closed","template":"","meta":{"footnotes":""},"class_list":["post-993","page","type-page","status-publish","hentry"],"yoast_head":"<!-- This site is optimized with the Yoast SEO Premium plugin v27.4 (Yoast SEO v27.4) - https:\/\/yoast.com\/product\/yoast-seo-premium-wordpress\/ -->\n<title>Politique de confidentialit\u00e9 - Ulbios<\/title>\n<meta name=\"robots\" content=\"index, follow, max-snippet:-1, max-image-preview:large, max-video-preview:-1\" \/>\n<link rel=\"canonical\" href=\"https:\/\/ulbios.com\/fr\/politique-de-confidentialite\/\" \/>\n<meta property=\"og:locale\" content=\"fr_FR\" \/>\n<meta property=\"og:type\" content=\"article\" \/>\n<meta property=\"og:title\" content=\"Politique de confidentialit\u00e9\" \/>\n<meta property=\"og:description\" content=\"Politique de confidentialit\u00e9 La\u00a0confidentialit\u00e9 et la s\u00e9curit\u00e9 sont des valeurs [...]\" \/>\n<meta property=\"og:url\" content=\"https:\/\/ulbios.com\/fr\/politique-de-confidentialite\/\" \/>\n<meta property=\"og:site_name\" content=\"Ulbios\" \/>\n<meta property=\"article:modified_time\" content=\"2023-01-31T13:46:54+00:00\" \/>\n<meta name=\"twitter:card\" content=\"summary_large_image\" \/>\n<meta name=\"twitter:label1\" content=\"Dur\u00e9e de lecture estim\u00e9e\" \/>\n\t<meta name=\"twitter:data1\" content=\"5 minutes\" \/>\n<!-- \/ Yoast SEO Premium plugin. -->","yoast_head_json":{"title":"Politique de confidentialit\u00e9 - Ulbios","robots":{"index":"index","follow":"follow","max-snippet":"max-snippet:-1","max-image-preview":"max-image-preview:large","max-video-preview":"max-video-preview:-1"},"canonical":"https:\/\/ulbios.com\/fr\/politique-de-confidentialite\/","og_locale":"fr_FR","og_type":"article","og_title":"Politique de confidentialit\u00e9","og_description":"Politique de confidentialit\u00e9 La\u00a0confidentialit\u00e9 et la s\u00e9curit\u00e9 sont des valeurs [...]","og_url":"https:\/\/ulbios.com\/fr\/politique-de-confidentialite\/","og_site_name":"Ulbios","article_modified_time":"2023-01-31T13:46:54+00:00","twitter_card":"summary_large_image","twitter_misc":{"Dur\u00e9e de lecture estim\u00e9e":"5 minutes"},"schema":{"@context":"https:\/\/schema.org","@graph":[{"@type":"WebPage","@id":"https:\/\/ulbios.com\/fr\/politique-de-confidentialite\/","url":"https:\/\/ulbios.com\/fr\/politique-de-confidentialite\/","name":"Politique de confidentialit\u00e9 - Ulbios","isPartOf":{"@id":"https:\/\/ulbios.com\/#website"},"datePublished":"2022-07-27T04:57:37+00:00","dateModified":"2023-01-31T13:46:54+00:00","breadcrumb":{"@id":"https:\/\/ulbios.com\/fr\/politique-de-confidentialite\/#breadcrumb"},"inLanguage":"fr-FR","potentialAction":[{"@type":"ReadAction","target":["https:\/\/ulbios.com\/fr\/politique-de-confidentialite\/"]}]},{"@type":"BreadcrumbList","@id":"https:\/\/ulbios.com\/fr\/politique-de-confidentialite\/#breadcrumb","itemListElement":[{"@type":"ListItem","position":1,"name":"Portada","item":"https:\/\/ulbios.com\/fr\/"},{"@type":"ListItem","position":2,"name":"Politique de confidentialit\u00e9"}]},{"@type":"WebSite","@id":"https:\/\/ulbios.com\/#website","url":"https:\/\/ulbios.com\/","name":"Ulbios","description":"","potentialAction":[{"@type":"SearchAction","target":{"@type":"EntryPoint","urlTemplate":"https:\/\/ulbios.com\/?s={search_term_string}"},"query-input":{"@type":"PropertyValueSpecification","valueRequired":true,"valueName":"search_term_string"}}],"inLanguage":"fr-FR"}]}},"_links":{"self":[{"href":"https:\/\/ulbios.com\/fr\/wp-json\/wp\/v2\/pages\/993","targetHints":{"allow":["GET"]}}],"collection":[{"href":"https:\/\/ulbios.com\/fr\/wp-json\/wp\/v2\/pages"}],"about":[{"href":"https:\/\/ulbios.com\/fr\/wp-json\/wp\/v2\/types\/page"}],"author":[{"embeddable":true,"href":"https:\/\/ulbios.com\/fr\/wp-json\/wp\/v2\/users\/2"}],"replies":[{"embeddable":true,"href":"https:\/\/ulbios.com\/fr\/wp-json\/wp\/v2\/comments?post=993"}],"version-history":[{"count":0,"href":"https:\/\/ulbios.com\/fr\/wp-json\/wp\/v2\/pages\/993\/revisions"}],"wp:attachment":[{"href":"https:\/\/ulbios.com\/fr\/wp-json\/wp\/v2\/media?parent=993"}],"curies":[{"name":"wp","href":"https:\/\/api.w.org\/{rel}","templated":true}]}}