{"id":997,"date":"2022-07-27T06:58:30","date_gmt":"2022-07-27T04:58:30","guid":{"rendered":"https:\/\/ulbios.com\/politica-de-cookies\/"},"modified":"2023-01-31T15:03:31","modified_gmt":"2023-01-31T14:03:31","slug":"politique-cookies","status":"publish","type":"page","link":"https:\/\/ulbios.com\/fr\/politique-cookies\/","title":{"rendered":"Politique de Cookies"},"content":{"rendered":"<h1>Politique en mati\u00e8re de cookies<\/h1>\n<p>Un<em> cookie<\/em>\u00a0est un petit fichier texte qui est stock\u00e9 dans votre navigateur lorsque vous visitez presque tous les sites web. Son utilit\u00e9 est que le site web est capable de se souvenir de votre visite lorsque vous revenez naviguer sur cette page. Les <em>cookies<\/em> stockent g\u00e9n\u00e9ralement des informations de nature technique, des pr\u00e9f\u00e9rences personnelles, la personnalisation du contenu, des statistiques d&#8217;utilisation, des liens vers des r\u00e9seaux sociaux, l&#8217;acc\u00e8s \u00e0 des comptes d&#8217;utilisateur, etc. L&#8217;objectif du <em>cookie<\/em> est d&#8217;adapter le contenu du site web \u00e0 votre profil et \u00e0 vos besoins. Sans les <em>cookies,<\/em> les services offerts par toute page seraient consid\u00e9rablement r\u00e9duits. Si vous souhaitez obtenir plus d&#8217;informations sur ce que sont les cookies, ce qu&#8217;ils stockent, comment les supprimer, les d\u00e9sactiver, etc., <a href=\"https:\/\/ulbios.com\/fr\/informations-sur-les-cookies\/\">veuillez vous rendre sur ce lien.<\/a><\/p>\n<h2 class=\"fusion-responsive-typography-calculated\" data-fontsize=\"22\" data-lineheight=\"25px\">Cookies\u00a0utilis\u00e9s sur ce site web<\/h2>\n<p>Conform\u00e9ment aux directives de l&#8217;Agence espagnole de protection des donn\u00e9es, nous d\u00e9taillons l&#8217;utilisation des cookies sur ce site web afin de vous informer de la mani\u00e8re la plus pr\u00e9cise possible.<\/p>\n<p>Ce site web utilise les <strong>cookies suivants :<\/strong><\/p>\n<p>Cookies\u00a0de session, pour s&#8217;assurer que les utilisateurs qui \u00e9crivent des commentaires sur le blog sont des humains et non des applications automatis\u00e9es. Il s&#8217;agit de lutter contre le <em>spam.<\/em><\/p>\n<p>Ce site web utilise les <strong>cookies tiers suivants:<\/strong><\/p>\n<ul>\n<li>Google Analytics :\u00a0Stocke des <em>cookies<\/em> afin de compiler des statistiques sur le trafic et le volume de visites de ce site web. En utilisant ce site Web, vous consentez au traitement des donn\u00e9es vous concernant par Google. Par cons\u00e9quent, l&#8217;exercice de tout droit \u00e0 cet \u00e9gard doit se faire en communiquant directement avec Google.<\/li>\n<li>R\u00e9seaux sociaux : Chaque r\u00e9seau social utilise ses propres <em>cookies<\/em> pour que vous puissiez cliquer sur des boutons tels que <em>J&#8217;aime<\/em> ou <em>Partager.<\/em><\/li>\n<\/ul>\n[cookie_audit style=&#8221;winter&#8221; columns=&#8221;cookie,description,duration&#8221;]\n<h2 class=\"fusion-responsive-typography-calculated\" data-fontsize=\"22\" data-lineheight=\"25px\">D\u00e9sactivation ou suppression des cookies<\/h2>\n<div>\n<p>Vous pouvez exercer votre droit de d\u00e9sactiver ou de supprimer les cookies de ce site web \u00e0 tout moment. Ces actions sont ex\u00e9cut\u00e9es diff\u00e9remment selon le navigateur que vous utilisez. <a href=\"https:\/\/ulbios.com\/fr\/informations-sur-les-cookies\/\">Voici un guide rapide pour les navigateurs les plus populaires.<\/a><\/p>\n<\/div>\n<h2 class=\"fusion-responsive-typography-calculated\" data-fontsize=\"22\" data-lineheight=\"25px\">Notes suppl\u00e9mentaires<\/h2>\n<ul>\n<li>Ni ce site web ni ses repr\u00e9sentants l\u00e9gaux ne sont responsables du contenu ou de la v\u00e9racit\u00e9 des politiques de confidentialit\u00e9 des tiers mentionn\u00e9s dans cette politique de cookies.\n<div><\/div>\n<\/li>\n<li>\n<div>Les navigateurs web sont les outils responsables du stockage des cookies et c&#8217;est l\u00e0 que vous devez exercer votre droit de les supprimer ou de les d\u00e9sactiver. Ni ce site web ni ses repr\u00e9sentants l\u00e9gaux ne peuvent garantir le traitement correct ou incorrect des cookies par les navigateurs susmentionn\u00e9s.<\/div>\n<div><\/div>\n<\/li>\n<li>\n<div>Dans certains cas, il est n\u00e9cessaire d&#8217;installer des cookies pour que le navigateur n&#8217;oublie pas votre d\u00e9cision de ne pas les accepter.<\/div>\n<\/li>\n<li>Dans le cas des <em>cookies<\/em> Google Analytics, cette soci\u00e9t\u00e9 stocke les cookies sur des serveurs situ\u00e9s aux \u00c9tats-Unis et s&#8217;engage \u00e0 ne pas les partager avec des tiers, sauf dans les cas o\u00f9 cela est n\u00e9cessaire pour le fonctionnement du syst\u00e8me ou lorsque la loi l&#8217;exige. Selon Google, il ne stocke pas votre adresse IP. Google Inc. est membre de l&#8217;accord Safe Harbour, qui garantit que toutes les donn\u00e9es transf\u00e9r\u00e9es seront trait\u00e9es avec un niveau de protection conforme \u00e0 la r\u00e9glementation europ\u00e9enne. Vous trouverez des informations d\u00e9taill\u00e9es \u00e0 ce sujet <a href=\"http:\/\/safeharbor.export.gov\/companyinfo.aspx?id=16626\">sur ce lien.<\/a> Si vous souhaitez obtenir des informations sur la mani\u00e8re dont Google utilise les <em>cookies<\/em>, <a href=\"https:\/\/developers.google.com\/analytics\/devguides\/collection\/analyticsjs\/cookie-usage?hl=es&amp;csw=1\">veuillez suivre ce lien.<\/a><\/li>\n<li>Si vous avez des doutes ou des questions sur cette politique de cookies, n&#8217;h\u00e9sitez pas \u00e0 nous contacter via la section contact.<\/li>\n<\/ul>\n","protected":false},"excerpt":{"rendered":"<p>Politique en mati\u00e8re de cookies Un cookie\u00a0est un petit fichier  [&#8230;]<\/p>\n","protected":false},"author":2,"featured_media":0,"parent":0,"menu_order":0,"comment_status":"closed","ping_status":"closed","template":"","meta":{"footnotes":""},"class_list":["post-997","page","type-page","status-publish","hentry"],"yoast_head":"<!-- This site is optimized with the Yoast SEO Premium plugin v27.4 (Yoast SEO v27.4) - https:\/\/yoast.com\/product\/yoast-seo-premium-wordpress\/ -->\n<title>Politique de Cookies - Ulbios<\/title>\n<meta name=\"robots\" content=\"index, follow, max-snippet:-1, max-image-preview:large, max-video-preview:-1\" \/>\n<link rel=\"canonical\" href=\"https:\/\/ulbios.com\/fr\/politique-cookies\/\" \/>\n<meta property=\"og:locale\" content=\"fr_FR\" \/>\n<meta property=\"og:type\" content=\"article\" \/>\n<meta property=\"og:title\" content=\"Politique de Cookies\" \/>\n<meta property=\"og:description\" content=\"Politique en mati\u00e8re de cookies Un cookie\u00a0est un petit fichier [...]\" \/>\n<meta property=\"og:url\" content=\"https:\/\/ulbios.com\/fr\/politique-cookies\/\" \/>\n<meta property=\"og:site_name\" content=\"Ulbios\" \/>\n<meta property=\"article:modified_time\" content=\"2023-01-31T14:03:31+00:00\" \/>\n<meta name=\"twitter:card\" content=\"summary_large_image\" \/>\n<meta name=\"twitter:label1\" content=\"Dur\u00e9e de lecture estim\u00e9e\" \/>\n\t<meta name=\"twitter:data1\" content=\"3 minutes\" \/>\n<!-- \/ Yoast SEO Premium plugin. -->","yoast_head_json":{"title":"Politique de Cookies - Ulbios","robots":{"index":"index","follow":"follow","max-snippet":"max-snippet:-1","max-image-preview":"max-image-preview:large","max-video-preview":"max-video-preview:-1"},"canonical":"https:\/\/ulbios.com\/fr\/politique-cookies\/","og_locale":"fr_FR","og_type":"article","og_title":"Politique de Cookies","og_description":"Politique en mati\u00e8re de cookies Un cookie\u00a0est un petit fichier [...]","og_url":"https:\/\/ulbios.com\/fr\/politique-cookies\/","og_site_name":"Ulbios","article_modified_time":"2023-01-31T14:03:31+00:00","twitter_card":"summary_large_image","twitter_misc":{"Dur\u00e9e de lecture estim\u00e9e":"3 minutes"},"schema":{"@context":"https:\/\/schema.org","@graph":[{"@type":"WebPage","@id":"https:\/\/ulbios.com\/fr\/politique-cookies\/","url":"https:\/\/ulbios.com\/fr\/politique-cookies\/","name":"Politique de Cookies - Ulbios","isPartOf":{"@id":"https:\/\/ulbios.com\/#website"},"datePublished":"2022-07-27T04:58:30+00:00","dateModified":"2023-01-31T14:03:31+00:00","breadcrumb":{"@id":"https:\/\/ulbios.com\/fr\/politique-cookies\/#breadcrumb"},"inLanguage":"fr-FR","potentialAction":[{"@type":"ReadAction","target":["https:\/\/ulbios.com\/fr\/politique-cookies\/"]}]},{"@type":"BreadcrumbList","@id":"https:\/\/ulbios.com\/fr\/politique-cookies\/#breadcrumb","itemListElement":[{"@type":"ListItem","position":1,"name":"Portada","item":"https:\/\/ulbios.com\/fr\/"},{"@type":"ListItem","position":2,"name":"Politique de Cookies"}]},{"@type":"WebSite","@id":"https:\/\/ulbios.com\/#website","url":"https:\/\/ulbios.com\/","name":"Ulbios","description":"","potentialAction":[{"@type":"SearchAction","target":{"@type":"EntryPoint","urlTemplate":"https:\/\/ulbios.com\/?s={search_term_string}"},"query-input":{"@type":"PropertyValueSpecification","valueRequired":true,"valueName":"search_term_string"}}],"inLanguage":"fr-FR"}]}},"_links":{"self":[{"href":"https:\/\/ulbios.com\/fr\/wp-json\/wp\/v2\/pages\/997","targetHints":{"allow":["GET"]}}],"collection":[{"href":"https:\/\/ulbios.com\/fr\/wp-json\/wp\/v2\/pages"}],"about":[{"href":"https:\/\/ulbios.com\/fr\/wp-json\/wp\/v2\/types\/page"}],"author":[{"embeddable":true,"href":"https:\/\/ulbios.com\/fr\/wp-json\/wp\/v2\/users\/2"}],"replies":[{"embeddable":true,"href":"https:\/\/ulbios.com\/fr\/wp-json\/wp\/v2\/comments?post=997"}],"version-history":[{"count":0,"href":"https:\/\/ulbios.com\/fr\/wp-json\/wp\/v2\/pages\/997\/revisions"}],"wp:attachment":[{"href":"https:\/\/ulbios.com\/fr\/wp-json\/wp\/v2\/media?parent=997"}],"curies":[{"name":"wp","href":"https:\/\/api.w.org\/{rel}","templated":true}]}}